{"id":1696,"date":"2017-06-05T16:25:23","date_gmt":"2017-06-05T16:25:23","guid":{"rendered":"http:\/\/www.vidafel.es\/vidafel\/?page_id=1696"},"modified":"2025-03-20T11:33:04","modified_gmt":"2025-03-20T11:33:04","slug":"asesoramiento-personalizado","status":"publish","type":"page","link":"https:\/\/www.vidafel.es\/vidafel\/asesoramiento-personalizado\/","title":{"rendered":"Asesoramiento personalizado"},"content":{"rendered":"\t\t<div data-elementor-type=\"wp-post\" data-elementor-id=\"1696\" class=\"elementor elementor-1696\" data-elementor-post-type=\"page\">\n\t\t\t\t\t\t<section class=\"elementor-section elementor-top-section elementor-element elementor-element-4f849e1 elementor-section-boxed elementor-section-height-default elementor-section-height-default\" data-id=\"4f849e1\" data-element_type=\"section\" data-e-type=\"section\" data-settings=\"{&quot;background_background&quot;:&quot;classic&quot;}\">\n\t\t\t\t\t\t<div class=\"elementor-container elementor-column-gap-default\">\n\t\t\t\t\t<div class=\"elementor-column elementor-col-50 elementor-top-column elementor-element elementor-element-40f51af\" data-id=\"40f51af\" data-element_type=\"column\" data-e-type=\"column\">\n\t\t\t<div class=\"elementor-widget-wrap elementor-element-populated\">\n\t\t\t\t\t\t<div class=\"elementor-element elementor-element-1a30962 elementor-widget elementor-widget-heading\" data-id=\"1a30962\" data-element_type=\"widget\" data-e-type=\"widget\" data-widget_type=\"heading.default\">\n\t\t\t\t<div class=\"elementor-widget-container\">\n\t\t\t\t\t<h1 class=\"elementor-heading-title elementor-size-default\">ASESORAMIENTO<\/h1>\t\t\t\t<\/div>\n\t\t\t\t<\/div>\n\t\t\t\t\t<\/div>\n\t\t<\/div>\n\t\t\t\t<div class=\"elementor-column elementor-col-50 elementor-top-column elementor-element elementor-element-c975272\" data-id=\"c975272\" data-element_type=\"column\" data-e-type=\"column\">\n\t\t\t<div class=\"elementor-widget-wrap elementor-element-populated\">\n\t\t\t\t\t\t<div class=\"elementor-element elementor-element-bfd8c8d elementor-icon-list--layout-inline elementor-list-item-link-inline elementor-align-end elementor-mobile-align-start elementor-widget elementor-widget-icon-list\" data-id=\"bfd8c8d\" data-element_type=\"widget\" data-e-type=\"widget\" data-widget_type=\"icon-list.default\">\n\t\t\t\t<div class=\"elementor-widget-container\">\n\t\t\t\t\t\t\t<ul class=\"elementor-icon-list-items elementor-inline-items\">\n\t\t\t\t\t\t\t<li class=\"elementor-icon-list-item elementor-inline-item\">\n\t\t\t\t\t\t\t\t\t\t\t<a href=\"https:\/\/www.vidafel.es\/vidafel\/\">\n\n\t\t\t\t\t\t\t\t\t\t\t\t<span class=\"elementor-icon-list-icon\">\n\t\t\t\t\t\t\t<i aria-hidden=\"true\" class=\"fas fa-home\"><\/i>\t\t\t\t\t\t<\/span>\n\t\t\t\t\t\t\t\t\t\t<span class=\"elementor-icon-list-text\"><\/span>\n\t\t\t\t\t\t\t\t\t\t\t<\/a>\n\t\t\t\t\t\t\t\t\t<\/li>\n\t\t\t\t\t\t\t\t<li class=\"elementor-icon-list-item elementor-inline-item\">\n\t\t\t\t\t\t\t\t\t\t\t<a href=\"https:\/\/www.vidafel.es\/vidafel\/servicios\/\">\n\n\t\t\t\t\t\t\t\t\t\t\t<span class=\"elementor-icon-list-text\">SERVICIOS<\/span>\n\t\t\t\t\t\t\t\t\t\t\t<\/a>\n\t\t\t\t\t\t\t\t\t<\/li>\n\t\t\t\t\t\t\t\t<li class=\"elementor-icon-list-item elementor-inline-item\">\n\t\t\t\t\t\t\t\t\t\t\t<a href=\"https:\/\/www.vidafel.es\/vidafel\/asesoramiento-personalizado\/\">\n\n\t\t\t\t\t\t\t\t\t\t\t<span class=\"elementor-icon-list-text\">ASESORAMIENTO<\/span>\n\t\t\t\t\t\t\t\t\t\t\t<\/a>\n\t\t\t\t\t\t\t\t\t<\/li>\n\t\t\t\t\t\t<\/ul>\n\t\t\t\t\t\t<\/div>\n\t\t\t\t<\/div>\n\t\t\t\t\t<\/div>\n\t\t<\/div>\n\t\t\t\t\t<\/div>\n\t\t<\/section>\n\t\t\t\t<section class=\"elementor-section elementor-top-section elementor-element elementor-element-312e68b elementor-section-boxed elementor-section-height-default elementor-section-height-default\" data-id=\"312e68b\" data-element_type=\"section\" data-e-type=\"section\">\n\t\t\t\t\t\t<div class=\"elementor-container elementor-column-gap-default\">\n\t\t\t\t\t<div class=\"elementor-column elementor-col-50 elementor-top-column elementor-element elementor-element-7beb16c\" data-id=\"7beb16c\" data-element_type=\"column\" data-e-type=\"column\">\n\t\t\t<div class=\"elementor-widget-wrap elementor-element-populated\">\n\t\t\t\t\t\t<div class=\"elementor-element elementor-element-c8bc270 elementor-widget elementor-widget-heading\" data-id=\"c8bc270\" data-element_type=\"widget\" data-e-type=\"widget\" data-widget_type=\"heading.default\">\n\t\t\t\t<div class=\"elementor-widget-container\">\n\t\t\t\t\t<h2 class=\"elementor-heading-title elementor-size-default\">Te ayudamos \n<br>a encontrar <b>tu sof\u00e1<\/b><\/h2>\t\t\t\t<\/div>\n\t\t\t\t<\/div>\n\t\t\t\t<div class=\"elementor-element elementor-element-d583eec elementor-widget elementor-widget-text-editor\" data-id=\"d583eec\" data-element_type=\"widget\" data-e-type=\"widget\" data-widget_type=\"text-editor.default\">\n\t\t\t\t<div class=\"elementor-widget-container\">\n\t\t\t\t\t\t\t\t\t<p>Somos una empresa especializada en la fabricaci\u00f3n y venta de sof\u00e1s y sillones, con m\u00e1s de 40 a\u00f1os de experiencia.<\/p><p>En tienda, profesionales de avalada trayectoria te guiar\u00e1n y acompa\u00f1ar\u00e1n durante todo el proceso, mostr\u00e1ndote las diferentes opciones de las que dispones; atendiendo cada detalle y resolviendo cualquier duda que pueda surgir para conseguir el producto m\u00e1s conveniente a tus necesidades.<\/p>\t\t\t\t\t\t\t\t<\/div>\n\t\t\t\t<\/div>\n\t\t\t\t<div class=\"elementor-element elementor-element-f6355b6 elementor-widget elementor-widget-text-editor\" data-id=\"f6355b6\" data-element_type=\"widget\" data-e-type=\"widget\" data-widget_type=\"text-editor.default\">\n\t\t\t\t<div class=\"elementor-widget-container\">\n\t\t\t\t\t\t\t\t\t<p>Nos tomamos el tiempo necesario para conocer tus preferencias y estilo de vida para sugerir opciones que realmente te inspiren.<\/p>\t\t\t\t\t\t\t\t<\/div>\n\t\t\t\t<\/div>\n\t\t\t\t\t<\/div>\n\t\t<\/div>\n\t\t\t\t<div class=\"elementor-column elementor-col-50 elementor-top-column elementor-element elementor-element-5468cdc\" data-id=\"5468cdc\" data-element_type=\"column\" data-e-type=\"column\">\n\t\t\t<div class=\"elementor-widget-wrap elementor-element-populated\">\n\t\t\t\t\t\t<div class=\"elementor-element elementor-element-2f1b7f7 elementor-widget elementor-widget-image\" data-id=\"2f1b7f7\" data-element_type=\"widget\" data-e-type=\"widget\" data-widget_type=\"image.default\">\n\t\t\t\t<div class=\"elementor-widget-container\">\n\t\t\t\t\t\t\t\t\t\t\t\t\t\t\t<img fetchpriority=\"high\" decoding=\"async\" width=\"1000\" height=\"625\" src=\"https:\/\/www.vidafel.es\/vidafel\/wp-content\/uploads\/SOFA-CAMA-BOPY-FAMA-VIDAFEL-5.jpg\" class=\"attachment-full size-full wp-image-39577\" alt=\"Sofa cama Bopy\" srcset=\"https:\/\/www.vidafel.es\/vidafel\/wp-content\/uploads\/SOFA-CAMA-BOPY-FAMA-VIDAFEL-5.jpg 1000w, https:\/\/www.vidafel.es\/vidafel\/wp-content\/uploads\/SOFA-CAMA-BOPY-FAMA-VIDAFEL-5-300x188.jpg 300w, https:\/\/www.vidafel.es\/vidafel\/wp-content\/uploads\/SOFA-CAMA-BOPY-FAMA-VIDAFEL-5-768x480.jpg 768w\" sizes=\"(max-width: 1000px) 100vw, 1000px\" \/>\t\t\t\t\t\t\t\t\t\t\t\t\t\t\t<\/div>\n\t\t\t\t<\/div>\n\t\t\t\t\t<\/div>\n\t\t<\/div>\n\t\t\t\t\t<\/div>\n\t\t<\/section>\n\t\t\t\t<\/div>\n\t\t","protected":false},"excerpt":{"rendered":"<p>ASESORAMIENTO SERVICIOS ASESORAMIENTO Te ayudamos a encontrar tu sof\u00e1 Somos una empresa especializada en la fabricaci\u00f3n y venta de sof\u00e1s y sillones, con m\u00e1s de 40 a\u00f1os de experiencia. En tienda, profesionales de avalada trayectoria te guiar\u00e1n y acompa\u00f1ar\u00e1n durante todo el proceso, mostr\u00e1ndote las diferentes opciones de las que dispones; atendiendo cada detalle y [&hellip;]<\/p>\n","protected":false},"author":3,"featured_media":0,"parent":0,"menu_order":0,"comment_status":"closed","ping_status":"closed","template":"","meta":{"footnotes":""},"categories":[],"tags":[],"class_list":["post-1696","page","type-page","status-publish","hentry"],"yoast_head":"<!-- This site is optimized with the Yoast SEO Premium plugin v26.8 (Yoast SEO v27.5) - https:\/\/yoast.com\/product\/yoast-seo-premium-wordpress\/ -->\n<title>Asesoramiento - Te ayudamos a encontrar tu sof\u00e1 | VIDAFEL<\/title>\n<meta name=\"description\" content=\"Nos tomamos el tiempo necesario para conocer tus preferencias y estilo de vida para sugerir opciones que realmente te inspiren.\" \/>\n<meta name=\"robots\" content=\"index, follow, max-snippet:-1, max-image-preview:large, max-video-preview:-1\" \/>\n<link rel=\"canonical\" href=\"https:\/\/www.vidafel.es\/vidafel\/asesoramiento-personalizado\/\" \/>\n<meta property=\"og:locale\" content=\"es_ES\" \/>\n<meta property=\"og:type\" content=\"article\" \/>\n<meta property=\"og:title\" content=\"Asesoramiento personalizado | VIDAFEL\" \/>\n<meta property=\"og:description\" content=\"Nos tomamos el tiempo necesario para conocer tus preferencias y estilo de vida para sugerir opciones que realmente te inspiren.\" \/>\n<meta property=\"og:url\" content=\"https:\/\/www.vidafel.es\/vidafel\/asesoramiento-personalizado\/\" \/>\n<meta property=\"og:site_name\" content=\"VIDAFEL\" \/>\n<meta property=\"article:publisher\" content=\"https:\/\/www.facebook.com\/Vidafel.es\" \/>\n<meta property=\"article:modified_time\" content=\"2025-03-20T11:33:04+00:00\" \/>\n<meta property=\"og:image\" content=\"https:\/\/www.vidafel.es\/vidafel\/wp-content\/uploads\/SOFA-CAMA-BOPY-FAMA-VIDAFEL-5.jpg\" \/>\n\t<meta property=\"og:image:width\" content=\"1000\" \/>\n\t<meta property=\"og:image:height\" content=\"625\" \/>\n\t<meta property=\"og:image:type\" content=\"image\/jpeg\" \/>\n<meta name=\"twitter:label1\" content=\"Tiempo de lectura\" \/>\n\t<meta name=\"twitter:data1\" content=\"1 minuto\" \/>\n<script type=\"application\/ld+json\" class=\"yoast-schema-graph\">{\"@context\":\"https:\\\/\\\/schema.org\",\"@graph\":[{\"@type\":\"WebPage\",\"@id\":\"https:\\\/\\\/www.vidafel.es\\\/vidafel\\\/asesoramiento-personalizado\\\/\",\"url\":\"https:\\\/\\\/www.vidafel.es\\\/vidafel\\\/asesoramiento-personalizado\\\/\",\"name\":\"Asesoramiento - Te ayudamos a encontrar tu sof\u00e1 | VIDAFEL\",\"isPartOf\":{\"@id\":\"https:\\\/\\\/www.vidafel.es\\\/vidafel\\\/#website\"},\"primaryImageOfPage\":{\"@id\":\"https:\\\/\\\/www.vidafel.es\\\/vidafel\\\/asesoramiento-personalizado\\\/#primaryimage\"},\"image\":{\"@id\":\"https:\\\/\\\/www.vidafel.es\\\/vidafel\\\/asesoramiento-personalizado\\\/#primaryimage\"},\"thumbnailUrl\":\"https:\\\/\\\/www.vidafel.es\\\/vidafel\\\/wp-content\\\/uploads\\\/SOFA-CAMA-BOPY-FAMA-VIDAFEL-5.jpg\",\"datePublished\":\"2017-06-05T16:25:23+00:00\",\"dateModified\":\"2025-03-20T11:33:04+00:00\",\"description\":\"Nos tomamos el tiempo necesario para conocer tus preferencias y estilo de vida para sugerir opciones que realmente te inspiren.\",\"breadcrumb\":{\"@id\":\"https:\\\/\\\/www.vidafel.es\\\/vidafel\\\/asesoramiento-personalizado\\\/#breadcrumb\"},\"inLanguage\":\"es\",\"potentialAction\":[{\"@type\":\"ReadAction\",\"target\":[\"https:\\\/\\\/www.vidafel.es\\\/vidafel\\\/asesoramiento-personalizado\\\/\"]}]},{\"@type\":\"ImageObject\",\"inLanguage\":\"es\",\"@id\":\"https:\\\/\\\/www.vidafel.es\\\/vidafel\\\/asesoramiento-personalizado\\\/#primaryimage\",\"url\":\"https:\\\/\\\/www.vidafel.es\\\/vidafel\\\/wp-content\\\/uploads\\\/SOFA-CAMA-BOPY-FAMA-VIDAFEL-5.jpg\",\"contentUrl\":\"https:\\\/\\\/www.vidafel.es\\\/vidafel\\\/wp-content\\\/uploads\\\/SOFA-CAMA-BOPY-FAMA-VIDAFEL-5.jpg\",\"width\":1000,\"height\":625,\"caption\":\"Sofa cama Bopy\"},{\"@type\":\"BreadcrumbList\",\"@id\":\"https:\\\/\\\/www.vidafel.es\\\/vidafel\\\/asesoramiento-personalizado\\\/#breadcrumb\",\"itemListElement\":[{\"@type\":\"ListItem\",\"position\":1,\"name\":\"VIDAFEL\",\"item\":\"https:\\\/\\\/www.vidafel.es\\\/vidafel\\\/\"},{\"@type\":\"ListItem\",\"position\":2,\"name\":\"Asesoramiento personalizado\"}]},{\"@type\":\"WebSite\",\"@id\":\"https:\\\/\\\/www.vidafel.es\\\/vidafel\\\/#website\",\"url\":\"https:\\\/\\\/www.vidafel.es\\\/vidafel\\\/\",\"name\":\"VIDAFEL SOF\u00c1S\",\"description\":\"Tienda especializada en Sof\u00e1s\",\"publisher\":{\"@id\":\"https:\\\/\\\/www.vidafel.es\\\/vidafel\\\/#organization\"},\"alternateName\":\"VIDAFEL SOF\u00c1S\",\"potentialAction\":[{\"@type\":\"SearchAction\",\"target\":{\"@type\":\"EntryPoint\",\"urlTemplate\":\"https:\\\/\\\/www.vidafel.es\\\/vidafel\\\/?s={search_term_string}\"},\"query-input\":{\"@type\":\"PropertyValueSpecification\",\"valueRequired\":true,\"valueName\":\"search_term_string\"}}],\"inLanguage\":\"es\"},{\"@type\":[\"Organization\",\"Place\",\"FurnitureStore\"],\"@id\":\"https:\\\/\\\/www.vidafel.es\\\/vidafel\\\/#organization\",\"name\":\"VIDAFEL SOF\u00c1S\",\"url\":\"https:\\\/\\\/www.vidafel.es\\\/vidafel\\\/\",\"logo\":{\"@id\":\"https:\\\/\\\/www.vidafel.es\\\/vidafel\\\/asesoramiento-personalizado\\\/#local-main-organization-logo\"},\"image\":{\"@id\":\"https:\\\/\\\/www.vidafel.es\\\/vidafel\\\/asesoramiento-personalizado\\\/#local-main-organization-logo\"},\"sameAs\":[\"https:\\\/\\\/www.facebook.com\\\/Vidafel.es\",\"https:\\\/\\\/www.instagram.com\\\/vidafel_sofas\\\/\"],\"address\":{\"@id\":\"https:\\\/\\\/www.vidafel.es\\\/vidafel\\\/asesoramiento-personalizado\\\/#local-main-place-address\"},\"geo\":{\"@type\":\"GeoCoordinates\",\"latitude\":\"39.415797923348904\",\"longitude\":\"-0.37799395654504236\"},\"telephone\":[\"963759104\"],\"openingHoursSpecification\":[{\"@type\":\"OpeningHoursSpecification\",\"dayOfWeek\":[\"Monday\",\"Tuesday\",\"Wednesday\",\"Thursday\",\"Friday\",\"Saturday\"],\"opens\":\"10:00\",\"closes\":\"20:30\"},{\"@type\":\"OpeningHoursSpecification\",\"dayOfWeek\":[\"Sunday\"],\"opens\":\"00:00\",\"closes\":\"00:00\"}],\"email\":\"vidafel@vidafel.es\",\"areaServed\":\"Comunidad Valenciana\"},{\"@type\":\"PostalAddress\",\"@id\":\"https:\\\/\\\/www.vidafel.es\\\/vidafel\\\/asesoramiento-personalizado\\\/#local-main-place-address\",\"streetAddress\":\"C\\\/ Rabisancho 2\",\"addressLocality\":\"Alfafar\",\"postalCode\":\"46910\",\"addressRegion\":\"Valencia\",\"addressCountry\":\"ES\"},{\"@type\":\"ImageObject\",\"inLanguage\":\"es\",\"@id\":\"https:\\\/\\\/www.vidafel.es\\\/vidafel\\\/asesoramiento-personalizado\\\/#local-main-organization-logo\",\"url\":\"https:\\\/\\\/www.vidafel.es\\\/vidafel\\\/wp-content\\\/uploads\\\/LOGO-VIDAFEL-VERTICAL-NEGRO-1.png\",\"contentUrl\":\"https:\\\/\\\/www.vidafel.es\\\/vidafel\\\/wp-content\\\/uploads\\\/LOGO-VIDAFEL-VERTICAL-NEGRO-1.png\",\"width\":517,\"height\":350,\"caption\":\"VIDAFEL SOF\u00c1S\"}]}<\/script>\n<meta name=\"geo.placename\" content=\"Alfafar\" \/>\n<meta name=\"geo.position\" content=\"39.415797923348904;-0.37799395654504236\" \/>\n<meta name=\"geo.region\" content=\"Espa\u00f1a\" \/>\n<!-- \/ Yoast SEO Premium plugin. -->","yoast_head_json":{"title":"Asesoramiento - Te ayudamos a encontrar tu sof\u00e1 | VIDAFEL","description":"Nos tomamos el tiempo necesario para conocer tus preferencias y estilo de vida para sugerir opciones que realmente te inspiren.","robots":{"index":"index","follow":"follow","max-snippet":"max-snippet:-1","max-image-preview":"max-image-preview:large","max-video-preview":"max-video-preview:-1"},"canonical":"https:\/\/www.vidafel.es\/vidafel\/asesoramiento-personalizado\/","og_locale":"es_ES","og_type":"article","og_title":"Asesoramiento personalizado | VIDAFEL","og_description":"Nos tomamos el tiempo necesario para conocer tus preferencias y estilo de vida para sugerir opciones que realmente te inspiren.","og_url":"https:\/\/www.vidafel.es\/vidafel\/asesoramiento-personalizado\/","og_site_name":"VIDAFEL","article_publisher":"https:\/\/www.facebook.com\/Vidafel.es","article_modified_time":"2025-03-20T11:33:04+00:00","og_image":[{"width":1000,"height":625,"url":"https:\/\/www.vidafel.es\/vidafel\/wp-content\/uploads\/SOFA-CAMA-BOPY-FAMA-VIDAFEL-5.jpg","type":"image\/jpeg"}],"twitter_misc":{"Tiempo de lectura":"1 minuto"},"schema":{"@context":"https:\/\/schema.org","@graph":[{"@type":"WebPage","@id":"https:\/\/www.vidafel.es\/vidafel\/asesoramiento-personalizado\/","url":"https:\/\/www.vidafel.es\/vidafel\/asesoramiento-personalizado\/","name":"Asesoramiento - Te ayudamos a encontrar tu sof\u00e1 | VIDAFEL","isPartOf":{"@id":"https:\/\/www.vidafel.es\/vidafel\/#website"},"primaryImageOfPage":{"@id":"https:\/\/www.vidafel.es\/vidafel\/asesoramiento-personalizado\/#primaryimage"},"image":{"@id":"https:\/\/www.vidafel.es\/vidafel\/asesoramiento-personalizado\/#primaryimage"},"thumbnailUrl":"https:\/\/www.vidafel.es\/vidafel\/wp-content\/uploads\/SOFA-CAMA-BOPY-FAMA-VIDAFEL-5.jpg","datePublished":"2017-06-05T16:25:23+00:00","dateModified":"2025-03-20T11:33:04+00:00","description":"Nos tomamos el tiempo necesario para conocer tus preferencias y estilo de vida para sugerir opciones que realmente te inspiren.","breadcrumb":{"@id":"https:\/\/www.vidafel.es\/vidafel\/asesoramiento-personalizado\/#breadcrumb"},"inLanguage":"es","potentialAction":[{"@type":"ReadAction","target":["https:\/\/www.vidafel.es\/vidafel\/asesoramiento-personalizado\/"]}]},{"@type":"ImageObject","inLanguage":"es","@id":"https:\/\/www.vidafel.es\/vidafel\/asesoramiento-personalizado\/#primaryimage","url":"https:\/\/www.vidafel.es\/vidafel\/wp-content\/uploads\/SOFA-CAMA-BOPY-FAMA-VIDAFEL-5.jpg","contentUrl":"https:\/\/www.vidafel.es\/vidafel\/wp-content\/uploads\/SOFA-CAMA-BOPY-FAMA-VIDAFEL-5.jpg","width":1000,"height":625,"caption":"Sofa cama Bopy"},{"@type":"BreadcrumbList","@id":"https:\/\/www.vidafel.es\/vidafel\/asesoramiento-personalizado\/#breadcrumb","itemListElement":[{"@type":"ListItem","position":1,"name":"VIDAFEL","item":"https:\/\/www.vidafel.es\/vidafel\/"},{"@type":"ListItem","position":2,"name":"Asesoramiento personalizado"}]},{"@type":"WebSite","@id":"https:\/\/www.vidafel.es\/vidafel\/#website","url":"https:\/\/www.vidafel.es\/vidafel\/","name":"VIDAFEL SOF\u00c1S","description":"Tienda especializada en Sof\u00e1s","publisher":{"@id":"https:\/\/www.vidafel.es\/vidafel\/#organization"},"alternateName":"VIDAFEL SOF\u00c1S","potentialAction":[{"@type":"SearchAction","target":{"@type":"EntryPoint","urlTemplate":"https:\/\/www.vidafel.es\/vidafel\/?s={search_term_string}"},"query-input":{"@type":"PropertyValueSpecification","valueRequired":true,"valueName":"search_term_string"}}],"inLanguage":"es"},{"@type":["Organization","Place","FurnitureStore"],"@id":"https:\/\/www.vidafel.es\/vidafel\/#organization","name":"VIDAFEL SOF\u00c1S","url":"https:\/\/www.vidafel.es\/vidafel\/","logo":{"@id":"https:\/\/www.vidafel.es\/vidafel\/asesoramiento-personalizado\/#local-main-organization-logo"},"image":{"@id":"https:\/\/www.vidafel.es\/vidafel\/asesoramiento-personalizado\/#local-main-organization-logo"},"sameAs":["https:\/\/www.facebook.com\/Vidafel.es","https:\/\/www.instagram.com\/vidafel_sofas\/"],"address":{"@id":"https:\/\/www.vidafel.es\/vidafel\/asesoramiento-personalizado\/#local-main-place-address"},"geo":{"@type":"GeoCoordinates","latitude":"39.415797923348904","longitude":"-0.37799395654504236"},"telephone":["963759104"],"openingHoursSpecification":[{"@type":"OpeningHoursSpecification","dayOfWeek":["Monday","Tuesday","Wednesday","Thursday","Friday","Saturday"],"opens":"10:00","closes":"20:30"},{"@type":"OpeningHoursSpecification","dayOfWeek":["Sunday"],"opens":"00:00","closes":"00:00"}],"email":"vidafel@vidafel.es","areaServed":"Comunidad Valenciana"},{"@type":"PostalAddress","@id":"https:\/\/www.vidafel.es\/vidafel\/asesoramiento-personalizado\/#local-main-place-address","streetAddress":"C\/ Rabisancho 2","addressLocality":"Alfafar","postalCode":"46910","addressRegion":"Valencia","addressCountry":"ES"},{"@type":"ImageObject","inLanguage":"es","@id":"https:\/\/www.vidafel.es\/vidafel\/asesoramiento-personalizado\/#local-main-organization-logo","url":"https:\/\/www.vidafel.es\/vidafel\/wp-content\/uploads\/LOGO-VIDAFEL-VERTICAL-NEGRO-1.png","contentUrl":"https:\/\/www.vidafel.es\/vidafel\/wp-content\/uploads\/LOGO-VIDAFEL-VERTICAL-NEGRO-1.png","width":517,"height":350,"caption":"VIDAFEL SOF\u00c1S"}]},"geo.placename":"Alfafar","geo.position":{"lat":"39.415797923348904","long":"-0.37799395654504236"},"geo.region":"Espa\u00f1a"},"_links":{"self":[{"href":"https:\/\/www.vidafel.es\/vidafel\/wp-json\/wp\/v2\/pages\/1696","targetHints":{"allow":["GET"]}}],"collection":[{"href":"https:\/\/www.vidafel.es\/vidafel\/wp-json\/wp\/v2\/pages"}],"about":[{"href":"https:\/\/www.vidafel.es\/vidafel\/wp-json\/wp\/v2\/types\/page"}],"author":[{"embeddable":true,"href":"https:\/\/www.vidafel.es\/vidafel\/wp-json\/wp\/v2\/users\/3"}],"replies":[{"embeddable":true,"href":"https:\/\/www.vidafel.es\/vidafel\/wp-json\/wp\/v2\/comments?post=1696"}],"version-history":[{"count":0,"href":"https:\/\/www.vidafel.es\/vidafel\/wp-json\/wp\/v2\/pages\/1696\/revisions"}],"wp:attachment":[{"href":"https:\/\/www.vidafel.es\/vidafel\/wp-json\/wp\/v2\/media?parent=1696"}],"wp:term":[{"taxonomy":"category","embeddable":true,"href":"https:\/\/www.vidafel.es\/vidafel\/wp-json\/wp\/v2\/categories?post=1696"},{"taxonomy":"post_tag","embeddable":true,"href":"https:\/\/www.vidafel.es\/vidafel\/wp-json\/wp\/v2\/tags?post=1696"}],"curies":[{"name":"wp","href":"https:\/\/api.w.org\/{rel}","templated":true}]}}