{"id":5200,"date":"2018-03-29T14:28:45","date_gmt":"2018-03-29T14:28:45","guid":{"rendered":"https:\/\/www.vidafel.es\/vidafel\/?page_id=5200"},"modified":"2025-03-25T08:57:01","modified_gmt":"2025-03-25T08:57:01","slug":"nosotros","status":"publish","type":"page","link":"https:\/\/www.vidafel.es\/vidafel\/nosotros\/","title":{"rendered":"Presentaci\u00f3n"},"content":{"rendered":"\t\t<div data-elementor-type=\"wp-page\" data-elementor-id=\"5200\" class=\"elementor elementor-5200\" data-elementor-post-type=\"page\">\n\t\t\t\t\t\t<section class=\"elementor-section elementor-top-section elementor-element elementor-element-2056fb3 elementor-section-boxed elementor-section-height-default elementor-section-height-default\" data-id=\"2056fb3\" data-element_type=\"section\" data-e-type=\"section\" data-settings=\"{&quot;background_background&quot;:&quot;classic&quot;}\">\n\t\t\t\t\t\t<div class=\"elementor-container elementor-column-gap-default\">\n\t\t\t\t\t<div class=\"elementor-column elementor-col-50 elementor-top-column elementor-element elementor-element-85de2e7\" data-id=\"85de2e7\" data-element_type=\"column\" data-e-type=\"column\">\n\t\t\t<div class=\"elementor-widget-wrap elementor-element-populated\">\n\t\t\t\t\t\t<div class=\"elementor-element elementor-element-058c7d4 elementor-widget elementor-widget-heading\" data-id=\"058c7d4\" data-element_type=\"widget\" data-e-type=\"widget\" data-widget_type=\"heading.default\">\n\t\t\t\t<div class=\"elementor-widget-container\">\n\t\t\t\t\t<h1 class=\"elementor-heading-title elementor-size-default\">VIDAFEL<\/h1>\t\t\t\t<\/div>\n\t\t\t\t<\/div>\n\t\t\t\t\t<\/div>\n\t\t<\/div>\n\t\t\t\t<div class=\"elementor-column elementor-col-50 elementor-top-column elementor-element elementor-element-b950ee7\" data-id=\"b950ee7\" data-element_type=\"column\" data-e-type=\"column\">\n\t\t\t<div class=\"elementor-widget-wrap elementor-element-populated\">\n\t\t\t\t\t\t<div class=\"elementor-element elementor-element-664b4bb elementor-icon-list--layout-inline elementor-list-item-link-inline elementor-align-end elementor-mobile-align-start elementor-widget elementor-widget-icon-list\" data-id=\"664b4bb\" data-element_type=\"widget\" data-e-type=\"widget\" data-widget_type=\"icon-list.default\">\n\t\t\t\t<div class=\"elementor-widget-container\">\n\t\t\t\t\t\t\t<ul class=\"elementor-icon-list-items elementor-inline-items\">\n\t\t\t\t\t\t\t<li class=\"elementor-icon-list-item elementor-inline-item\">\n\t\t\t\t\t\t\t\t\t\t\t<a href=\"https:\/\/www.vidafel.es\/vidafel\/\">\n\n\t\t\t\t\t\t\t\t\t\t\t\t<span class=\"elementor-icon-list-icon\">\n\t\t\t\t\t\t\t<i aria-hidden=\"true\" class=\"fas fa-home\"><\/i>\t\t\t\t\t\t<\/span>\n\t\t\t\t\t\t\t\t\t\t<span class=\"elementor-icon-list-text\"><\/span>\n\t\t\t\t\t\t\t\t\t\t\t<\/a>\n\t\t\t\t\t\t\t\t\t<\/li>\n\t\t\t\t\t\t\t\t<li class=\"elementor-icon-list-item elementor-inline-item\">\n\t\t\t\t\t\t\t\t\t\t\t<a href=\"https:\/\/www.vidafel.es\/vidafel\/nosotros\/\">\n\n\t\t\t\t\t\t\t\t\t\t\t<span class=\"elementor-icon-list-text\">VIDAFEL<\/span>\n\t\t\t\t\t\t\t\t\t\t\t<\/a>\n\t\t\t\t\t\t\t\t\t<\/li>\n\t\t\t\t\t\t<\/ul>\n\t\t\t\t\t\t<\/div>\n\t\t\t\t<\/div>\n\t\t\t\t\t<\/div>\n\t\t<\/div>\n\t\t\t\t\t<\/div>\n\t\t<\/section>\n\t\t\t\t<section class=\"elementor-section elementor-top-section elementor-element elementor-element-f0fe0e1 elementor-section-boxed elementor-section-height-default elementor-section-height-default\" data-id=\"f0fe0e1\" data-element_type=\"section\" data-e-type=\"section\">\n\t\t\t\t\t\t<div class=\"elementor-container elementor-column-gap-default\">\n\t\t\t\t\t<div class=\"elementor-column elementor-col-66 elementor-top-column elementor-element elementor-element-66abbe4\" data-id=\"66abbe4\" data-element_type=\"column\" data-e-type=\"column\">\n\t\t\t<div class=\"elementor-widget-wrap elementor-element-populated\">\n\t\t\t\t\t\t<div class=\"elementor-element elementor-element-7fc6e822 elementor-widget elementor-widget-text-editor\" data-id=\"7fc6e822\" data-element_type=\"widget\" data-e-type=\"widget\" data-widget_type=\"text-editor.default\">\n\t\t\t\t<div class=\"elementor-widget-container\">\n\t\t\t\t\t\t\t\t\t<h2>Vidafel, especialista en la fabricaci\u00f3n y venta de sof\u00e1s y sillones, nace en 2012 impulsado por un equipo de grandes profesionales de avalada trayectoria en el sector.<\/h2><h4>Tienda de 2.000m\u00b2 dedicados exclusivamente a la exposici\u00f3n de sof\u00e1s y sillones con variedad de modelos, envueltos en un ambiente joven en continuo cambio y evoluci\u00f3n, donde reunimos a los principales fabricantes, nacionales e internacionales, para ofrecer a nuestros clientes: Dise\u00f1o, Calidad y Confort.<\/h4><h3>Trabajar con marcas de reconocido prestigio pone de manifiesto nuestro compromiso por ofrecer siempre producto de calidad, atractivos dise\u00f1os y, un confort superior.<\/h3><h5>Recibe asesoramiento especializado durante todo el proceso para conocer las diferentes opciones que ofrecemos.<\/h5><h6>\u00a0<\/h6><h6>Vis\u00edtanos y descubre porqu\u00e9 grandes marcas deciden exponer sus productos en nuestra tienda.<\/h6>\t\t\t\t\t\t\t\t<\/div>\n\t\t\t\t<\/div>\n\t\t\t\t\t<\/div>\n\t\t<\/div>\n\t\t\t\t<div class=\"elementor-column elementor-col-33 elementor-top-column elementor-element elementor-element-104ae96\" data-id=\"104ae96\" data-element_type=\"column\" data-e-type=\"column\">\n\t\t\t<div class=\"elementor-widget-wrap elementor-element-populated\">\n\t\t\t\t\t\t<div class=\"elementor-element elementor-element-86a4229 elementor-widget elementor-widget-image\" data-id=\"86a4229\" data-element_type=\"widget\" data-e-type=\"widget\" data-widget_type=\"image.default\">\n\t\t\t\t<div class=\"elementor-widget-container\">\n\t\t\t\t\t\t\t\t\t\t\t\t\t\t\t<img fetchpriority=\"high\" decoding=\"async\" width=\"517\" height=\"350\" src=\"https:\/\/www.vidafel.es\/vidafel\/wp-content\/uploads\/LOGO-VIDAFEL-VERTICAL-NEGRO-1.png\" class=\"attachment-full size-full wp-image-39889\" alt=\"\" srcset=\"https:\/\/www.vidafel.es\/vidafel\/wp-content\/uploads\/LOGO-VIDAFEL-VERTICAL-NEGRO-1.png 517w, https:\/\/www.vidafel.es\/vidafel\/wp-content\/uploads\/LOGO-VIDAFEL-VERTICAL-NEGRO-1-300x203.png 300w\" sizes=\"(max-width: 517px) 100vw, 517px\" \/>\t\t\t\t\t\t\t\t\t\t\t\t\t\t\t<\/div>\n\t\t\t\t<\/div>\n\t\t\t\t\t<\/div>\n\t\t<\/div>\n\t\t\t\t\t<\/div>\n\t\t<\/section>\n\t\t\t\t<\/div>\n\t\t","protected":false},"excerpt":{"rendered":"<p>VIDAFEL VIDAFEL Vidafel, especialista en la fabricaci\u00f3n y venta de sof\u00e1s y sillones, nace en 2012 impulsado por un equipo de grandes profesionales de avalada trayectoria en el sector. Tienda de 2.000m\u00b2 dedicados exclusivamente a la exposici\u00f3n de sof\u00e1s y sillones con variedad de modelos, envueltos en un ambiente joven en continuo cambio y evoluci\u00f3n, [&hellip;]<\/p>\n","protected":false},"author":3,"featured_media":39892,"parent":0,"menu_order":0,"comment_status":"closed","ping_status":"closed","template":"","meta":{"footnotes":""},"categories":[],"tags":[],"class_list":["post-5200","page","type-page","status-publish","has-post-thumbnail","hentry"],"yoast_head":"<!-- This site is optimized with the Yoast SEO Premium plugin v26.8 (Yoast SEO v27.3) - https:\/\/yoast.com\/product\/yoast-seo-premium-wordpress\/ -->\n<title>Presentaci\u00f3n | VIDAFEL<\/title>\n<meta name=\"description\" content=\"Con\u00f3cenos: Vidafel, nace en 2012 impulsado por un equipo de grandes profesionales de avalada trayectoria en el sector.\" \/>\n<meta name=\"robots\" content=\"index, follow, max-snippet:-1, max-image-preview:large, max-video-preview:-1\" \/>\n<link rel=\"canonical\" href=\"https:\/\/www.vidafel.es\/vidafel\/nosotros\/\" \/>\n<meta property=\"og:locale\" content=\"es_ES\" \/>\n<meta property=\"og:type\" content=\"article\" \/>\n<meta property=\"og:title\" content=\"Presentaci\u00f3n | VIDAFEL\" \/>\n<meta property=\"og:description\" content=\"Vidafel, especialista en la fabricaci\u00f3n y venta de sof\u00e1s y sillones. Vis\u00edtanos y descubre porqu\u00e9 grandes marcas deciden exponer sus productos en nuestra tienda.\" \/>\n<meta property=\"og:url\" content=\"https:\/\/www.vidafel.es\/vidafel\/nosotros\/\" \/>\n<meta property=\"og:site_name\" content=\"VIDAFEL\" \/>\n<meta property=\"article:publisher\" content=\"https:\/\/www.facebook.com\/Vidafel.es\" \/>\n<meta property=\"article:modified_time\" content=\"2025-03-25T08:57:01+00:00\" \/>\n<meta property=\"og:image\" content=\"https:\/\/www.vidafel.es\/vidafel\/wp-content\/uploads\/cropped-LOGO-VIDAFEL-FAVICON.png\" \/>\n\t<meta property=\"og:image:width\" content=\"512\" \/>\n\t<meta property=\"og:image:height\" content=\"512\" \/>\n\t<meta property=\"og:image:type\" content=\"image\/png\" \/>\n<meta name=\"twitter:label1\" content=\"Tiempo de lectura\" \/>\n\t<meta name=\"twitter:data1\" content=\"1 minuto\" \/>\n<script type=\"application\/ld+json\" class=\"yoast-schema-graph\">{\"@context\":\"https:\\\/\\\/schema.org\",\"@graph\":[{\"@type\":\"WebPage\",\"@id\":\"https:\\\/\\\/www.vidafel.es\\\/vidafel\\\/nosotros\\\/\",\"url\":\"https:\\\/\\\/www.vidafel.es\\\/vidafel\\\/nosotros\\\/\",\"name\":\"Presentaci\u00f3n | VIDAFEL\",\"isPartOf\":{\"@id\":\"https:\\\/\\\/www.vidafel.es\\\/vidafel\\\/#website\"},\"primaryImageOfPage\":{\"@id\":\"https:\\\/\\\/www.vidafel.es\\\/vidafel\\\/nosotros\\\/#primaryimage\"},\"image\":{\"@id\":\"https:\\\/\\\/www.vidafel.es\\\/vidafel\\\/nosotros\\\/#primaryimage\"},\"thumbnailUrl\":\"https:\\\/\\\/www.vidafel.es\\\/vidafel\\\/wp-content\\\/uploads\\\/cropped-LOGO-VIDAFEL-FAVICON.png\",\"datePublished\":\"2018-03-29T14:28:45+00:00\",\"dateModified\":\"2025-03-25T08:57:01+00:00\",\"description\":\"Con\u00f3cenos: Vidafel, nace en 2012 impulsado por un equipo de grandes profesionales de avalada trayectoria en el sector.\",\"breadcrumb\":{\"@id\":\"https:\\\/\\\/www.vidafel.es\\\/vidafel\\\/nosotros\\\/#breadcrumb\"},\"inLanguage\":\"es\",\"potentialAction\":[{\"@type\":\"ReadAction\",\"target\":[\"https:\\\/\\\/www.vidafel.es\\\/vidafel\\\/nosotros\\\/\"]}]},{\"@type\":\"ImageObject\",\"inLanguage\":\"es\",\"@id\":\"https:\\\/\\\/www.vidafel.es\\\/vidafel\\\/nosotros\\\/#primaryimage\",\"url\":\"https:\\\/\\\/www.vidafel.es\\\/vidafel\\\/wp-content\\\/uploads\\\/cropped-LOGO-VIDAFEL-FAVICON.png\",\"contentUrl\":\"https:\\\/\\\/www.vidafel.es\\\/vidafel\\\/wp-content\\\/uploads\\\/cropped-LOGO-VIDAFEL-FAVICON.png\",\"width\":512,\"height\":512},{\"@type\":\"BreadcrumbList\",\"@id\":\"https:\\\/\\\/www.vidafel.es\\\/vidafel\\\/nosotros\\\/#breadcrumb\",\"itemListElement\":[{\"@type\":\"ListItem\",\"position\":1,\"name\":\"VIDAFEL\",\"item\":\"https:\\\/\\\/www.vidafel.es\\\/vidafel\\\/\"},{\"@type\":\"ListItem\",\"position\":2,\"name\":\"Presentaci\u00f3n\"}]},{\"@type\":\"WebSite\",\"@id\":\"https:\\\/\\\/www.vidafel.es\\\/vidafel\\\/#website\",\"url\":\"https:\\\/\\\/www.vidafel.es\\\/vidafel\\\/\",\"name\":\"VIDAFEL SOF\u00c1S\",\"description\":\"Tienda especializada en Sof\u00e1s\",\"publisher\":{\"@id\":\"https:\\\/\\\/www.vidafel.es\\\/vidafel\\\/#organization\"},\"alternateName\":\"VIDAFEL SOF\u00c1S\",\"potentialAction\":[{\"@type\":\"SearchAction\",\"target\":{\"@type\":\"EntryPoint\",\"urlTemplate\":\"https:\\\/\\\/www.vidafel.es\\\/vidafel\\\/?s={search_term_string}\"},\"query-input\":{\"@type\":\"PropertyValueSpecification\",\"valueRequired\":true,\"valueName\":\"search_term_string\"}}],\"inLanguage\":\"es\"},{\"@type\":[\"Organization\",\"Place\",\"FurnitureStore\"],\"@id\":\"https:\\\/\\\/www.vidafel.es\\\/vidafel\\\/#organization\",\"name\":\"VIDAFEL SOF\u00c1S\",\"url\":\"https:\\\/\\\/www.vidafel.es\\\/vidafel\\\/\",\"logo\":{\"@id\":\"https:\\\/\\\/www.vidafel.es\\\/vidafel\\\/nosotros\\\/#local-main-organization-logo\"},\"image\":{\"@id\":\"https:\\\/\\\/www.vidafel.es\\\/vidafel\\\/nosotros\\\/#local-main-organization-logo\"},\"sameAs\":[\"https:\\\/\\\/www.facebook.com\\\/Vidafel.es\",\"https:\\\/\\\/www.instagram.com\\\/vidafel_sofas\\\/\"],\"address\":{\"@id\":\"https:\\\/\\\/www.vidafel.es\\\/vidafel\\\/nosotros\\\/#local-main-place-address\"},\"geo\":{\"@type\":\"GeoCoordinates\",\"latitude\":\"39.415797923348904\",\"longitude\":\"-0.37799395654504236\"},\"telephone\":[\"963759104\"],\"openingHoursSpecification\":[{\"@type\":\"OpeningHoursSpecification\",\"dayOfWeek\":[\"Monday\",\"Tuesday\",\"Wednesday\",\"Thursday\",\"Friday\",\"Saturday\"],\"opens\":\"10:00\",\"closes\":\"20:30\"},{\"@type\":\"OpeningHoursSpecification\",\"dayOfWeek\":[\"Sunday\"],\"opens\":\"00:00\",\"closes\":\"00:00\"}],\"email\":\"vidafel@vidafel.es\",\"areaServed\":\"Comunidad Valenciana\"},{\"@type\":\"PostalAddress\",\"@id\":\"https:\\\/\\\/www.vidafel.es\\\/vidafel\\\/nosotros\\\/#local-main-place-address\",\"streetAddress\":\"C\\\/ Rabisancho 2\",\"addressLocality\":\"Alfafar\",\"postalCode\":\"46910\",\"addressRegion\":\"Valencia\",\"addressCountry\":\"ES\"},{\"@type\":\"ImageObject\",\"inLanguage\":\"es\",\"@id\":\"https:\\\/\\\/www.vidafel.es\\\/vidafel\\\/nosotros\\\/#local-main-organization-logo\",\"url\":\"https:\\\/\\\/www.vidafel.es\\\/vidafel\\\/wp-content\\\/uploads\\\/LOGO-VIDAFEL-VERTICAL-NEGRO-1.png\",\"contentUrl\":\"https:\\\/\\\/www.vidafel.es\\\/vidafel\\\/wp-content\\\/uploads\\\/LOGO-VIDAFEL-VERTICAL-NEGRO-1.png\",\"width\":517,\"height\":350,\"caption\":\"VIDAFEL SOF\u00c1S\"}]}<\/script>\n<meta name=\"geo.placename\" content=\"Alfafar\" \/>\n<meta name=\"geo.position\" content=\"39.415797923348904;-0.37799395654504236\" \/>\n<meta name=\"geo.region\" content=\"Espa\u00f1a\" \/>\n<!-- \/ Yoast SEO Premium plugin. -->","yoast_head_json":{"title":"Presentaci\u00f3n | VIDAFEL","description":"Con\u00f3cenos: Vidafel, nace en 2012 impulsado por un equipo de grandes profesionales de avalada trayectoria en el sector.","robots":{"index":"index","follow":"follow","max-snippet":"max-snippet:-1","max-image-preview":"max-image-preview:large","max-video-preview":"max-video-preview:-1"},"canonical":"https:\/\/www.vidafel.es\/vidafel\/nosotros\/","og_locale":"es_ES","og_type":"article","og_title":"Presentaci\u00f3n | VIDAFEL","og_description":"Vidafel, especialista en la fabricaci\u00f3n y venta de sof\u00e1s y sillones. Vis\u00edtanos y descubre porqu\u00e9 grandes marcas deciden exponer sus productos en nuestra tienda.","og_url":"https:\/\/www.vidafel.es\/vidafel\/nosotros\/","og_site_name":"VIDAFEL","article_publisher":"https:\/\/www.facebook.com\/Vidafel.es","article_modified_time":"2025-03-25T08:57:01+00:00","og_image":[{"width":512,"height":512,"url":"https:\/\/www.vidafel.es\/vidafel\/wp-content\/uploads\/cropped-LOGO-VIDAFEL-FAVICON.png","type":"image\/png"}],"twitter_misc":{"Tiempo de lectura":"1 minuto"},"schema":{"@context":"https:\/\/schema.org","@graph":[{"@type":"WebPage","@id":"https:\/\/www.vidafel.es\/vidafel\/nosotros\/","url":"https:\/\/www.vidafel.es\/vidafel\/nosotros\/","name":"Presentaci\u00f3n | VIDAFEL","isPartOf":{"@id":"https:\/\/www.vidafel.es\/vidafel\/#website"},"primaryImageOfPage":{"@id":"https:\/\/www.vidafel.es\/vidafel\/nosotros\/#primaryimage"},"image":{"@id":"https:\/\/www.vidafel.es\/vidafel\/nosotros\/#primaryimage"},"thumbnailUrl":"https:\/\/www.vidafel.es\/vidafel\/wp-content\/uploads\/cropped-LOGO-VIDAFEL-FAVICON.png","datePublished":"2018-03-29T14:28:45+00:00","dateModified":"2025-03-25T08:57:01+00:00","description":"Con\u00f3cenos: Vidafel, nace en 2012 impulsado por un equipo de grandes profesionales de avalada trayectoria en el sector.","breadcrumb":{"@id":"https:\/\/www.vidafel.es\/vidafel\/nosotros\/#breadcrumb"},"inLanguage":"es","potentialAction":[{"@type":"ReadAction","target":["https:\/\/www.vidafel.es\/vidafel\/nosotros\/"]}]},{"@type":"ImageObject","inLanguage":"es","@id":"https:\/\/www.vidafel.es\/vidafel\/nosotros\/#primaryimage","url":"https:\/\/www.vidafel.es\/vidafel\/wp-content\/uploads\/cropped-LOGO-VIDAFEL-FAVICON.png","contentUrl":"https:\/\/www.vidafel.es\/vidafel\/wp-content\/uploads\/cropped-LOGO-VIDAFEL-FAVICON.png","width":512,"height":512},{"@type":"BreadcrumbList","@id":"https:\/\/www.vidafel.es\/vidafel\/nosotros\/#breadcrumb","itemListElement":[{"@type":"ListItem","position":1,"name":"VIDAFEL","item":"https:\/\/www.vidafel.es\/vidafel\/"},{"@type":"ListItem","position":2,"name":"Presentaci\u00f3n"}]},{"@type":"WebSite","@id":"https:\/\/www.vidafel.es\/vidafel\/#website","url":"https:\/\/www.vidafel.es\/vidafel\/","name":"VIDAFEL SOF\u00c1S","description":"Tienda especializada en Sof\u00e1s","publisher":{"@id":"https:\/\/www.vidafel.es\/vidafel\/#organization"},"alternateName":"VIDAFEL SOF\u00c1S","potentialAction":[{"@type":"SearchAction","target":{"@type":"EntryPoint","urlTemplate":"https:\/\/www.vidafel.es\/vidafel\/?s={search_term_string}"},"query-input":{"@type":"PropertyValueSpecification","valueRequired":true,"valueName":"search_term_string"}}],"inLanguage":"es"},{"@type":["Organization","Place","FurnitureStore"],"@id":"https:\/\/www.vidafel.es\/vidafel\/#organization","name":"VIDAFEL SOF\u00c1S","url":"https:\/\/www.vidafel.es\/vidafel\/","logo":{"@id":"https:\/\/www.vidafel.es\/vidafel\/nosotros\/#local-main-organization-logo"},"image":{"@id":"https:\/\/www.vidafel.es\/vidafel\/nosotros\/#local-main-organization-logo"},"sameAs":["https:\/\/www.facebook.com\/Vidafel.es","https:\/\/www.instagram.com\/vidafel_sofas\/"],"address":{"@id":"https:\/\/www.vidafel.es\/vidafel\/nosotros\/#local-main-place-address"},"geo":{"@type":"GeoCoordinates","latitude":"39.415797923348904","longitude":"-0.37799395654504236"},"telephone":["963759104"],"openingHoursSpecification":[{"@type":"OpeningHoursSpecification","dayOfWeek":["Monday","Tuesday","Wednesday","Thursday","Friday","Saturday"],"opens":"10:00","closes":"20:30"},{"@type":"OpeningHoursSpecification","dayOfWeek":["Sunday"],"opens":"00:00","closes":"00:00"}],"email":"vidafel@vidafel.es","areaServed":"Comunidad Valenciana"},{"@type":"PostalAddress","@id":"https:\/\/www.vidafel.es\/vidafel\/nosotros\/#local-main-place-address","streetAddress":"C\/ Rabisancho 2","addressLocality":"Alfafar","postalCode":"46910","addressRegion":"Valencia","addressCountry":"ES"},{"@type":"ImageObject","inLanguage":"es","@id":"https:\/\/www.vidafel.es\/vidafel\/nosotros\/#local-main-organization-logo","url":"https:\/\/www.vidafel.es\/vidafel\/wp-content\/uploads\/LOGO-VIDAFEL-VERTICAL-NEGRO-1.png","contentUrl":"https:\/\/www.vidafel.es\/vidafel\/wp-content\/uploads\/LOGO-VIDAFEL-VERTICAL-NEGRO-1.png","width":517,"height":350,"caption":"VIDAFEL SOF\u00c1S"}]},"geo.placename":"Alfafar","geo.position":{"lat":"39.415797923348904","long":"-0.37799395654504236"},"geo.region":"Espa\u00f1a"},"_links":{"self":[{"href":"https:\/\/www.vidafel.es\/vidafel\/wp-json\/wp\/v2\/pages\/5200","targetHints":{"allow":["GET"]}}],"collection":[{"href":"https:\/\/www.vidafel.es\/vidafel\/wp-json\/wp\/v2\/pages"}],"about":[{"href":"https:\/\/www.vidafel.es\/vidafel\/wp-json\/wp\/v2\/types\/page"}],"author":[{"embeddable":true,"href":"https:\/\/www.vidafel.es\/vidafel\/wp-json\/wp\/v2\/users\/3"}],"replies":[{"embeddable":true,"href":"https:\/\/www.vidafel.es\/vidafel\/wp-json\/wp\/v2\/comments?post=5200"}],"version-history":[{"count":0,"href":"https:\/\/www.vidafel.es\/vidafel\/wp-json\/wp\/v2\/pages\/5200\/revisions"}],"wp:featuredmedia":[{"embeddable":true,"href":"https:\/\/www.vidafel.es\/vidafel\/wp-json\/wp\/v2\/media\/39892"}],"wp:attachment":[{"href":"https:\/\/www.vidafel.es\/vidafel\/wp-json\/wp\/v2\/media?parent=5200"}],"wp:term":[{"taxonomy":"category","embeddable":true,"href":"https:\/\/www.vidafel.es\/vidafel\/wp-json\/wp\/v2\/categories?post=5200"},{"taxonomy":"post_tag","embeddable":true,"href":"https:\/\/www.vidafel.es\/vidafel\/wp-json\/wp\/v2\/tags?post=5200"}],"curies":[{"name":"wp","href":"https:\/\/api.w.org\/{rel}","templated":true}]}}